{"id":3815,"date":"2024-02-26T20:25:00","date_gmt":"2024-02-26T20:25:00","guid":{"rendered":"https:\/\/meow.fougerette.org\/?page_id=3815"},"modified":"2024-04-25T16:03:30","modified_gmt":"2024-04-25T14:03:30","slug":"meow-pledge","status":"publish","type":"page","link":"https:\/\/meow.fougerette.org\/index.php\/meow-pledge\/","title":{"rendered":"\u00abMEOW!\u00bb Pledge"},"content":{"rendered":"\t\t<div data-elementor-type=\"wp-page\" data-elementor-id=\"3815\" class=\"elementor elementor-3815\">\n\t\t\t\t\t\t<section class=\"elementor-section elementor-top-section elementor-element elementor-element-e782091 elementor-section-boxed elementor-section-height-default elementor-section-height-default\" data-id=\"e782091\" data-element_type=\"section\">\n\t\t\t\t\t\t<div class=\"elementor-container elementor-column-gap-default\">\n\t\t\t\t\t<div class=\"elementor-column elementor-col-100 elementor-top-column elementor-element elementor-element-15b6589\" data-id=\"15b6589\" data-element_type=\"column\">\n\t\t\t<div class=\"elementor-widget-wrap elementor-element-populated\">\n\t\t\t\t\t\t<div class=\"elementor-element elementor-element-4839111 elementor-widget elementor-widget-heading\" data-id=\"4839111\" data-element_type=\"widget\" data-widget_type=\"heading.default\">\n\t\t\t\t<div class=\"elementor-widget-container\">\n\t\t\t\t\t<h2 class=\"elementor-heading-title elementor-size-default\">Die \u00abMEOW!\u00bb Pledge<\/h2>\t\t\t\t<\/div>\n\t\t\t\t<\/div>\n\t\t\t\t<div class=\"elementor-element elementor-element-6fe5a50 elementor-widget elementor-widget-text-editor\" data-id=\"6fe5a50\" data-element_type=\"widget\" data-widget_type=\"text-editor.default\">\n\t\t\t\t<div class=\"elementor-widget-container\">\n\t\t\t\t\t\t\t\t\t<p><em>pledge = engl., das Versprechen<\/em><\/p>\t\t\t\t\t\t\t\t<\/div>\n\t\t\t\t<\/div>\n\t\t\t\t<div class=\"elementor-element elementor-element-c132949 elementor-widget elementor-widget-heading\" data-id=\"c132949\" data-element_type=\"widget\" data-widget_type=\"heading.default\">\n\t\t\t\t<div class=\"elementor-widget-container\">\n\t\t\t\t\t<h2 class=\"elementor-heading-title elementor-size-default\">Fokus:  Verbindung !<\/h2>\t\t\t\t<\/div>\n\t\t\t\t<\/div>\n\t\t\t\t<div class=\"elementor-element elementor-element-e9cdaa4 elementor-widget elementor-widget-text-editor\" data-id=\"e9cdaa4\" data-element_type=\"widget\" data-widget_type=\"text-editor.default\">\n\t\t\t\t<div class=\"elementor-widget-container\">\n\t\t\t\t\t\t\t\t\t<p><strong>Warum \u00fcberhaupt eine <a href=\"#pledge\">Pledge<\/a>? Was steckt dahinter &amp; warum setzen wir voraus, dass du diese akzeptierst, wenn du an \u00abMEOW!\u00bb teilnimmst? Ein Erkl\u00e4rungsversuch : )<br \/><\/strong><\/p><p>Die Frauenbewegung hat sich seit ihren Anf\u00e4ngen im 19. Jahrhundert immer wieder mit anderen Minderheiten solidarisiert (falls du \u00fcber diese Aussage <em>nicht<\/em> gestolpert bist: Reingefallen! Wir Frauen sind doch keine Minderheit!!! Nur verhalten wir uns manchmal so&#8230;.).<\/p><p>In einer Kultur, die provokativ gesagt \u00abbipolar\u00bb ist d.h. die den gesellschaftlichen Raum \u00fcber sich gegenseitig ausschliessende Begriffspaare wie \u00abarm-reich\u00bb, \u00absch\u00f6n-h\u00e4sslich\u00bb, \u00aboben-unten\u00bb, \u00abrechts-links\u00bb oder \u00abklug-dumm\u00bb definiert, ist <strong>Trennung<\/strong> vorprogrammiert.<\/p><p>Dies gilt ganz besonders, wenn die erstrebenswerten, positiv besetzten Pole starr definiert sind und als knappes Gut gelten. Die logische Folge dieser Einstellung\/Weltanschauung sind <strong>Konkurrenz<\/strong> und <strong>Missgunst<\/strong>. Denn wie k\u00f6nnte es anders sein, wenn es doch nur den <em>einen<\/em> Platz an der Sonne gibt (oder zumindest nur wenige)? Da <em>m\u00fcssen<\/em> sich ja alle drum streiten!<\/p><p>Genau das hat man den Frauen jahrhundertelang vorgegaukelt (und ja, es war auch eine gesellschaftliche Realit\u00e4t, denn ohne Ehemann galten Frauen nichts und hatten keine Rechte).<\/p><p>Aber treten wir mal einen Schritt zur\u00fcck: Wer hat diese Begriffe denn \u00fcberhaupt definiert? Und wer hat entschieden, dass es<\/p><p>_\u00a0 nur eine \u00abSch\u00f6nste\u00bb gibt?<br \/>_ \u00abthe sexiest woman alive?\u00bb<br \/>_ die \u00abperfekte Ehefau &amp; Mutter\u00bb?<br \/>_ dass sch\u00f6ne Frauen dumm sind und h\u00e4ssliche b\u00f6se???<\/p><p>Wir alle haben solche kulturelle Pr\u00e4gungen mit der Muttermilch aufgesogen. Das l\u00e4sst sich aber zum Gl\u00fcck \u00e4ndern, denn: Wenn wir unsere Aufmerksamkeit bewusst lenken und uns f\u00fcr eine forschende, wohlwollende Haltung entscheiden, kommt vieles in Bewegung. Wie heisst es so treffend: \u00abWer sucht, die findet!\u00bb.<\/p><p>Die zentrale Frage lautet somit:<\/p>\t\t\t\t\t\t\t\t<\/div>\n\t\t\t\t<\/div>\n\t\t\t\t<div class=\"elementor-element elementor-element-49daa0c elementor-widget elementor-widget-text-editor\" data-id=\"49daa0c\" data-element_type=\"widget\" data-widget_type=\"text-editor.default\">\n\t\t\t\t<div class=\"elementor-widget-container\">\n\t\t\t\t\t\t\t\t\t<h2>Wo ist unsere Aufmerksamkeit?\u00a0<\/h2><p>Im Aussen oder im Innen? Steuern uns unsere \u00c4ngste oder f\u00fchrt uns unsere St\u00e4rke? Trennen wir durch Konkurrenz und Bewertung oder sehen wir F\u00fclle und Verbindung?<\/p><p>Die Quelle f\u00fcr Verbindung ist unsere Selbstliebe. Erst wenn unser innerer Kelch gef\u00fcllt ist, kann diese Liebe auch in die Welt, ins Aussen, \u00fcberfliessen und Verbindung schaffen. Wenn zwei mit leeren, angebrannten inneren T\u00f6pfen voreinander stehen und beide \u00abgef\u00fcllt\u00bb werden m\u00f6chten, kannst du dir ja selber ausmalen, was passiert.<\/p><p><strong> Und jetzt stell&#8216; dir mal vor, was alles m\u00f6glich wird, wenn du innerlich reich gef\u00fcllt bist und dich in dieser Haltung verbindest!<\/strong><\/p><p>Nat\u00fcrlich gelingt uns das nicht immer, aber \u00fcben kann man es ja trotzdem, oder? Genau um diese Haltung geht es uns bei der \u00abMEOW!\u00bb Pledge. Sie ist sowas wie<\/p>\t\t\t\t\t\t\t\t<\/div>\n\t\t\t\t<\/div>\n\t\t\t\t<div class=\"elementor-element elementor-element-ddfecd9 elementor-widget elementor-widget-menu-anchor\" data-id=\"ddfecd9\" data-element_type=\"widget\" data-widget_type=\"menu-anchor.default\">\n\t\t\t\t<div class=\"elementor-widget-container\">\n\t\t\t\t\t\t\t<div class=\"elementor-menu-anchor\" id=\"pledge\"><\/div>\n\t\t\t\t\t\t<\/div>\n\t\t\t\t<\/div>\n\t\t\t\t<div class=\"elementor-element elementor-element-53c9d94 elementor-widget elementor-widget-text-editor\" data-id=\"53c9d94\" data-element_type=\"widget\" data-widget_type=\"text-editor.default\">\n\t\t\t\t<div class=\"elementor-widget-container\">\n\t\t\t\t\t\t\t\t\t<h3>eine rosa Brille, die wir bewusst aufsetzen:<\/h3>\t\t\t\t\t\t\t\t<\/div>\n\t\t\t\t<\/div>\n\t\t\t\t<div class=\"elementor-element elementor-element-12d9b78 elementor-widget elementor-widget-heading\" data-id=\"12d9b78\" data-element_type=\"widget\" data-widget_type=\"heading.default\">\n\t\t\t\t<div class=\"elementor-widget-container\">\n\t\t\t\t\t<h2 class=\"elementor-heading-title elementor-size-default\">\ud83d\ude0d Die \u00abMEOW!\u00bb Pledge<\/h2>\t\t\t\t<\/div>\n\t\t\t\t<\/div>\n\t\t\t\t<div class=\"elementor-element elementor-element-90cf534 elementor-widget elementor-widget-text-editor\" data-id=\"90cf534\" data-element_type=\"widget\" data-widget_type=\"text-editor.default\">\n\t\t\t\t<div class=\"elementor-widget-container\">\n\t\t\t\t\t\t\t\t\t<p>Ich sehe <strong>DICH<\/strong>.<br \/>Egal, wer und wie alt du bist: Ich sehe eine <strong>SCHWESTER<\/strong>.<br \/>Egal, wo du im Leben stehst: Ich sehe deine <strong>ST\u00c4RKEN<\/strong>.<br \/>Egal, wie anders wir sind: Ich entscheide mich f\u00fcr <strong>VERBINDUNG<\/strong>.<\/p><p>Ich f\u00fcr MICH. <br \/>Du f\u00fcr DICH. <br \/><strong>WIR F\u00dcR UNS<\/strong>.<\/p>\t\t\t\t\t\t\t\t<\/div>\n\t\t\t\t<\/div>\n\t\t\t\t<div class=\"elementor-element elementor-element-3d034c2 elementor-widget elementor-widget-image\" data-id=\"3d034c2\" data-element_type=\"widget\" data-widget_type=\"image.default\">\n\t\t\t\t<div class=\"elementor-widget-container\">\n\t\t\t\t\t\t\t\t\t\t\t\t<figure class=\"wp-caption\">\n\t\t\t\t\t\t\t\t\t\t<img fetchpriority=\"high\" decoding=\"async\" width=\"222\" height=\"300\" src=\"https:\/\/meow.fougerette.org\/wp-content\/uploads\/2024\/02\/foto_Goettin_outline_AgataIlecka_MEOW_240130-1-222x300.png\" class=\"attachment-medium size-medium wp-image-2066\" alt=\"\" srcset=\"https:\/\/meow.fougerette.org\/wp-content\/uploads\/2024\/02\/foto_Goettin_outline_AgataIlecka_MEOW_240130-1-222x300.png 222w, https:\/\/meow.fougerette.org\/wp-content\/uploads\/2024\/02\/foto_Goettin_outline_AgataIlecka_MEOW_240130-1-600x809.png 600w, https:\/\/meow.fougerette.org\/wp-content\/uploads\/2024\/02\/foto_Goettin_outline_AgataIlecka_MEOW_240130-1-759x1024.png 759w, https:\/\/meow.fougerette.org\/wp-content\/uploads\/2024\/02\/foto_Goettin_outline_AgataIlecka_MEOW_240130-1-768x1036.png 768w, https:\/\/meow.fougerette.org\/wp-content\/uploads\/2024\/02\/foto_Goettin_outline_AgataIlecka_MEOW_240130-1.png 1000w\" sizes=\"(max-width: 222px) 100vw, 222px\" \/>\t\t\t\t\t\t\t\t\t\t\t<figcaption class=\"widget-image-caption wp-caption-text\">\u00a9 Skultpur von Agata Ilecka<\/figcaption>\n\t\t\t\t\t\t\t\t\t\t<\/figure>\n\t\t\t\t\t\t\t\t\t<\/div>\n\t\t\t\t<\/div>\n\t\t\t\t\t<\/div>\n\t\t<\/div>\n\t\t\t\t\t<\/div>\n\t\t<\/section>\n\t\t\t\t<\/div>\n\t\t","protected":false},"excerpt":{"rendered":"<p>Die \u00abMEOW!\u00bb Pledge pledge = engl., das Versprechen Fokus: Verbindung ! Warum \u00fcberhaupt eine Pledge? Was steckt dahinter &amp; warum setzen wir voraus, dass du diese akzeptierst, wenn du an&#8230;<\/p>\n","protected":false},"author":1,"featured_media":0,"parent":0,"menu_order":0,"comment_status":"closed","ping_status":"closed","template":"page-templates\/full-width-container.php","meta":{"footnotes":""},"class_list":["post-3815","page","type-page","status-publish","hentry"],"jetpack_sharing_enabled":true,"_links":{"self":[{"href":"https:\/\/meow.fougerette.org\/index.php\/wp-json\/wp\/v2\/pages\/3815","targetHints":{"allow":["GET"]}}],"collection":[{"href":"https:\/\/meow.fougerette.org\/index.php\/wp-json\/wp\/v2\/pages"}],"about":[{"href":"https:\/\/meow.fougerette.org\/index.php\/wp-json\/wp\/v2\/types\/page"}],"author":[{"embeddable":true,"href":"https:\/\/meow.fougerette.org\/index.php\/wp-json\/wp\/v2\/users\/1"}],"replies":[{"embeddable":true,"href":"https:\/\/meow.fougerette.org\/index.php\/wp-json\/wp\/v2\/comments?post=3815"}],"version-history":[{"count":83,"href":"https:\/\/meow.fougerette.org\/index.php\/wp-json\/wp\/v2\/pages\/3815\/revisions"}],"predecessor-version":[{"id":4662,"href":"https:\/\/meow.fougerette.org\/index.php\/wp-json\/wp\/v2\/pages\/3815\/revisions\/4662"}],"wp:attachment":[{"href":"https:\/\/meow.fougerette.org\/index.php\/wp-json\/wp\/v2\/media?parent=3815"}],"curies":[{"name":"wp","href":"https:\/\/api.w.org\/{rel}","templated":true}]}}