{"id":4613,"date":"2024-04-25T15:35:08","date_gmt":"2024-04-25T13:35:08","guid":{"rendered":"https:\/\/meow.fougerette.org\/?page_id=4613"},"modified":"2025-04-23T10:37:22","modified_gmt":"2025-04-23T08:37:22","slug":"tickets","status":"publish","type":"page","link":"https:\/\/meow.fougerette.org\/index.php\/tickets\/","title":{"rendered":"Tickets"},"content":{"rendered":"\t\t<div data-elementor-type=\"wp-page\" data-elementor-id=\"4613\" class=\"elementor elementor-4613\">\n\t\t\t\t\t\t<section class=\"elementor-section elementor-top-section elementor-element elementor-element-0d2e546 elementor-section-boxed elementor-section-height-default elementor-section-height-default\" data-id=\"0d2e546\" data-element_type=\"section\">\n\t\t\t\t\t\t<div class=\"elementor-container elementor-column-gap-default\">\n\t\t\t\t\t<div class=\"elementor-column elementor-col-100 elementor-top-column elementor-element elementor-element-170f473\" data-id=\"170f473\" data-element_type=\"column\">\n\t\t\t<div class=\"elementor-widget-wrap elementor-element-populated\">\n\t\t\t\t\t\t<div class=\"elementor-element elementor-element-44cf17c eael-dual-header-content-align-center elementor-invisible elementor-widget elementor-widget-eael-dual-color-header\" data-id=\"44cf17c\" data-element_type=\"widget\" data-settings=\"{&quot;_animation&quot;:&quot;fadeInUp&quot;}\" data-widget_type=\"eael-dual-color-header.default\">\n\t\t\t\t<div class=\"elementor-widget-container\">\n\t\t\t\t\t\t\t\t<div class=\"eael-dual-header\">\n\t\t\t\t<h3 class=\"title eael-dch-title\"><span class=\"eael-dch-title-text eael-dch-title-lead lead solid-color\">DU<\/span> <span class=\"eael-dch-title-text\">WILLST?<\/span><\/h3>\t\t\t\t\t<span class=\"eael-dch-svg-icon\"><\/span>\t\t\t\t\t\t\t<\/div>\n\n\t\t\t\t\t\t<\/div>\n\t\t\t\t<\/div>\n\t\t\t\t<div class=\"elementor-element elementor-element-8f55705 elementor-widget-divider--view-line_icon elementor-view-default elementor-widget-divider--element-align-center elementor-invisible elementor-widget elementor-widget-divider\" data-id=\"8f55705\" data-element_type=\"widget\" data-settings=\"{&quot;_animation&quot;:&quot;fadeInUp&quot;}\" data-widget_type=\"divider.default\">\n\t\t\t\t<div class=\"elementor-widget-container\">\n\t\t\t\t\t\t\t<div class=\"elementor-divider\">\n\t\t\t<span class=\"elementor-divider-separator\">\n\t\t\t\t\t\t\t<div class=\"elementor-icon elementor-divider__element\">\n\t\t\t\t\t<svg aria-hidden=\"true\" class=\"e-font-icon-svg e-fas-heart\" viewBox=\"0 0 512 512\" xmlns=\"http:\/\/www.w3.org\/2000\/svg\"><path d=\"M462.3 62.6C407.5 15.9 326 24.3 275.7 76.2L256 96.5l-19.7-20.3C186.1 24.3 104.5 15.9 49.7 62.6c-62.8 53.6-66.1 149.8-9.9 207.9l193.5 199.8c12.5 12.9 32.8 12.9 45.3 0l193.5-199.8c56.3-58.1 53-154.3-9.8-207.9z\"><\/path><\/svg><\/div>\n\t\t\t\t\t\t<\/span>\n\t\t<\/div>\n\t\t\t\t\t\t<\/div>\n\t\t\t\t<\/div>\n\t\t\t\t<section class=\"elementor-section elementor-inner-section elementor-element elementor-element-61b1a72 elementor-section-boxed elementor-section-height-default elementor-section-height-default\" data-id=\"61b1a72\" data-element_type=\"section\">\n\t\t\t\t\t\t<div class=\"elementor-container elementor-column-gap-default\">\n\t\t\t\t\t<div class=\"elementor-column elementor-col-33 elementor-inner-column elementor-element elementor-element-eb5d6c6 elementor-invisible\" data-id=\"eb5d6c6\" data-element_type=\"column\" data-settings=\"{&quot;animation&quot;:&quot;fadeInUp&quot;,&quot;animation_delay&quot;:0}\">\n\t\t\t<div class=\"elementor-widget-wrap\">\n\t\t\t\t\t\t\t<\/div>\n\t\t<\/div>\n\t\t\t\t<div class=\"elementor-column elementor-col-33 elementor-inner-column elementor-element elementor-element-beaf3cf elementor-invisible\" data-id=\"beaf3cf\" data-element_type=\"column\" data-settings=\"{&quot;animation&quot;:&quot;fadeInUp&quot;,&quot;animation_delay&quot;:500}\">\n\t\t\t<div class=\"elementor-widget-wrap elementor-element-populated\">\n\t\t\t\t\t\t<div class=\"elementor-element elementor-element-4fbf0af elementor-widget__width-initial elementor-widget elementor-widget-text-editor\" data-id=\"4fbf0af\" data-element_type=\"widget\" data-widget_type=\"text-editor.default\">\n\t\t\t\t<div class=\"elementor-widget-container\">\n\t\t\t\t\t\t\t\t\t<h3>Wollten w<strong>ir auch, denn wir finden es n\u00f6tiger denn je, dass wir Frauen uns verbinden und gegenseitig st\u00e4rken! Leider sind dann aber trotz viel m\u00fcndlicher Begeisterung zu wenig Anmeldungen eingetrudelt, um die f\u00fcr ein Festival dieser Gr\u00f6sse n\u00f6tige Planungssicherheit zu gew\u00e4hrleisten (und auf einen Schlusspurt hoffen, der vielleicht nie kommt, war uns zu heikel). Deshalb haben wir schweren Herzens entschieden, 2025 ausfallen zu lassen. W<\/strong><strong>enn du gerne auf dem Laufenden bleiben bzw. n\u00e4chstes Jahr dabei sein m\u00f6chtest, trag&#8216; dich bitte nachstehend f\u00fcr den Newsletter ein:<\/strong><\/h3>\t\t\t\t\t\t\t\t<\/div>\n\t\t\t\t<\/div>\n\t\t\t\t<div class=\"elementor-element elementor-element-b61db63 elementor-widget elementor-widget-text-editor\" data-id=\"b61db63\" data-element_type=\"widget\" data-widget_type=\"text-editor.default\">\n\t\t\t\t<div class=\"elementor-widget-container\">\n\t\t\t\t\t\t\t\t\t<script>(function() {\n\twindow.mc4wp = window.mc4wp || {\n\t\tlisteners: [],\n\t\tforms: {\n\t\t\ton: function(evt, cb) {\n\t\t\t\twindow.mc4wp.listeners.push(\n\t\t\t\t\t{\n\t\t\t\t\t\tevent   : evt,\n\t\t\t\t\t\tcallback: cb\n\t\t\t\t\t}\n\t\t\t\t);\n\t\t\t}\n\t\t}\n\t}\n})();\n<\/script><!-- Mailchimp for WordPress v4.10.7 - https:\/\/wordpress.org\/plugins\/mailchimp-for-wp\/ --><form id=\"mc4wp-form-1\" class=\"mc4wp-form mc4wp-form-5852\" method=\"post\" data-id=\"5852\" data-name=\"Newsletter MEOW!\" ><div class=\"mc4wp-form-fields\"><p>\r\n\t<label for=\"email\">Deine E-Mail-Adresse? \r\n\t\t<input type=\"email\" id=\"email\" name=\"EMAIL\" placeholder=\"mail@example.com\" required>\r\n<\/label>\r\n<\/p>\r\n\r\n<p>\r\n\t<input type=\"submit\" style=\"font-size:14px\" value=\"Anmelden\">\r\n<\/p><\/div><label style=\"display: none !important;\">Wenn du ein Mensch bist, lasse das Feld leer: <input type=\"text\" name=\"_mc4wp_honeypot\" value=\"\" tabindex=\"-1\" autocomplete=\"off\" \/><\/label><input type=\"hidden\" name=\"_mc4wp_timestamp\" value=\"1778514689\" \/><input type=\"hidden\" name=\"_mc4wp_form_id\" value=\"5852\" \/><input type=\"hidden\" name=\"_mc4wp_form_element_id\" value=\"mc4wp-form-1\" \/><div class=\"mc4wp-response\"><\/div><\/form><!-- \/ Mailchimp for WordPress Plugin --><p>Wenn du ein anderes Anliegen oder w\u00e4hrend der Festivaldaten vom 13.-17. Juni 2025 einfach gerne ein paar Tage Schlossluft (ohne Programm) schnuppern m\u00f6chtest, schreib&#8216; an <a href=\"meow@fougerette.org\">meow@fougerette.org<\/a>.<\/p>\t\t\t\t\t\t\t\t<\/div>\n\t\t\t\t<\/div>\n\t\t\t\t\t<\/div>\n\t\t<\/div>\n\t\t\t\t<div class=\"elementor-column elementor-col-33 elementor-inner-column elementor-element elementor-element-3bd40a9\" data-id=\"3bd40a9\" data-element_type=\"column\">\n\t\t\t<div class=\"elementor-widget-wrap\">\n\t\t\t\t\t\t\t<\/div>\n\t\t<\/div>\n\t\t\t\t\t<\/div>\n\t\t<\/section>\n\t\t\t\t<section class=\"elementor-section elementor-inner-section elementor-element elementor-element-f981a2d elementor-section-boxed elementor-section-height-default elementor-section-height-default\" data-id=\"f981a2d\" data-element_type=\"section\">\n\t\t\t\t\t\t<div class=\"elementor-container elementor-column-gap-default\">\n\t\t\t\t\t<div class=\"elementor-column elementor-col-33 elementor-inner-column elementor-element elementor-element-1bd4faf elementor-invisible\" data-id=\"1bd4faf\" data-element_type=\"column\" data-settings=\"{&quot;animation&quot;:&quot;fadeInUp&quot;,&quot;animation_delay&quot;:0}\">\n\t\t\t<div class=\"elementor-widget-wrap\">\n\t\t\t\t\t\t\t<\/div>\n\t\t<\/div>\n\t\t\t\t<div class=\"elementor-column elementor-col-33 elementor-inner-column elementor-element elementor-element-b4621d9 elementor-invisible\" data-id=\"b4621d9\" data-element_type=\"column\" data-settings=\"{&quot;animation&quot;:&quot;fadeInUp&quot;,&quot;animation_delay&quot;:500}\">\n\t\t\t<div class=\"elementor-widget-wrap elementor-element-populated\">\n\t\t\t\t\t\t<div class=\"elementor-element elementor-element-26ebeb8 elementor-widget elementor-widget-image\" data-id=\"26ebeb8\" data-element_type=\"widget\" data-widget_type=\"image.default\">\n\t\t\t\t<div class=\"elementor-widget-container\">\n\t\t\t\t\t\t\t\t\t\t\t\t\t\t\t<img fetchpriority=\"high\" decoding=\"async\" width=\"1174\" height=\"374\" src=\"https:\/\/meow.fougerette.org\/wp-content\/uploads\/2024\/11\/tickettailer_Event_Header_2025.jpg\" class=\"attachment-full size-full wp-image-5562\" alt=\"\" srcset=\"https:\/\/meow.fougerette.org\/wp-content\/uploads\/2024\/11\/tickettailer_Event_Header_2025.jpg 1174w, https:\/\/meow.fougerette.org\/wp-content\/uploads\/2024\/11\/tickettailer_Event_Header_2025-300x96.jpg 300w, https:\/\/meow.fougerette.org\/wp-content\/uploads\/2024\/11\/tickettailer_Event_Header_2025-1024x326.jpg 1024w, https:\/\/meow.fougerette.org\/wp-content\/uploads\/2024\/11\/tickettailer_Event_Header_2025-768x245.jpg 768w\" sizes=\"(max-width: 1174px) 100vw, 1174px\" \/>\t\t\t\t\t\t\t\t\t\t\t\t\t\t\t<\/div>\n\t\t\t\t<\/div>\n\t\t\t\t<div class=\"elementor-element elementor-element-44c802c elementor-widget elementor-widget-heading\" data-id=\"44c802c\" data-element_type=\"widget\" data-widget_type=\"heading.default\">\n\t\t\t\t<div class=\"elementor-widget-container\">\n\t\t\t\t\t<h1 class=\"elementor-heading-title elementor-size-default\">TICKETS<\/h1>\t\t\t\t<\/div>\n\t\t\t\t<\/div>\n\t\t\t\t<div class=\"elementor-element elementor-element-b59ec08 elementor-widget elementor-widget-html\" data-id=\"b59ec08\" data-element_type=\"widget\" data-widget_type=\"html.default\">\n\t\t\t\t<div class=\"elementor-widget-container\">\n\t\t\t\t\t<!-- Ticket Tailor Widget. Paste this into your website where you want the widget to appear. Do not change the code or the widget may not work properly. -->\n<div class=\"tt-widget\"><div class=\"tt-widget-fallback\"><p><a href=\"https:\/\/www.tickettailor.com\/checkout\/new-session\/id\/4903232\/chk\/9832\/?ref=meow_2025&show_search_filter=true&show_date_filter=true&show_sort=true\" target=\"_blank\">Click here to buy tickets<\/a><br \/><small><a href=\"https:\/\/www.tickettailor.com?rf=wdg_188214\" class=\"tt-widget-powered\">Sell tickets online with Ticket Tailor<\/a><\/small><\/p><\/div><script src=\"https:\/\/cdn.tickettailor.com\/js\/widgets\/min\/widget.js\" data-url=\"https:\/\/www.tickettailor.com\/checkout\/new-session\/id\/4903232\/chk\/9832\/?ref=meow_2025&show_search_filter=true&show_date_filter=true&show_sort=true\" data-type=\"inline\" data-inline-minimal=\"true\" data-inline-show-logo=\"false\" data-inline-bg-fill=\"false\" data-inline-inherit-ref-from-url-param=\"\" data-inline-ref=\"meow_2025\"><\/script><\/div><!-- End of Ticket Tailor Widget -->\t\t\t\t<\/div>\n\t\t\t\t<\/div>\n\t\t\t\t\t<\/div>\n\t\t<\/div>\n\t\t\t\t<div class=\"elementor-column elementor-col-33 elementor-inner-column elementor-element elementor-element-c5441cf\" data-id=\"c5441cf\" data-element_type=\"column\">\n\t\t\t<div class=\"elementor-widget-wrap\">\n\t\t\t\t\t\t\t<\/div>\n\t\t<\/div>\n\t\t\t\t\t<\/div>\n\t\t<\/section>\n\t\t\t\t\t<\/div>\n\t\t<\/div>\n\t\t\t\t\t<\/div>\n\t\t<\/section>\n\t\t\t\t<section class=\"elementor-section elementor-top-section elementor-element elementor-element-abfdcd0 elementor-section-boxed elementor-section-height-default elementor-section-height-default\" data-id=\"abfdcd0\" data-element_type=\"section\">\n\t\t\t\t\t\t<div class=\"elementor-container elementor-column-gap-default\">\n\t\t\t\t\t<div class=\"elementor-column elementor-col-100 elementor-top-column elementor-element elementor-element-9e50e5c\" data-id=\"9e50e5c\" data-element_type=\"column\">\n\t\t\t<div class=\"elementor-widget-wrap elementor-element-populated\">\n\t\t\t\t\t\t<div class=\"elementor-element elementor-element-12754f4 elementor-widget-divider--view-line_icon elementor-view-default elementor-widget-divider--element-align-center elementor-invisible elementor-widget elementor-widget-divider\" data-id=\"12754f4\" data-element_type=\"widget\" data-settings=\"{&quot;_animation&quot;:&quot;fadeInUp&quot;}\" data-widget_type=\"divider.default\">\n\t\t\t\t<div class=\"elementor-widget-container\">\n\t\t\t\t\t\t\t<div class=\"elementor-divider\">\n\t\t\t<span class=\"elementor-divider-separator\">\n\t\t\t\t\t\t\t<div class=\"elementor-icon elementor-divider__element\">\n\t\t\t\t\t<svg aria-hidden=\"true\" class=\"e-font-icon-svg e-fas-heart\" viewBox=\"0 0 512 512\" xmlns=\"http:\/\/www.w3.org\/2000\/svg\"><path d=\"M462.3 62.6C407.5 15.9 326 24.3 275.7 76.2L256 96.5l-19.7-20.3C186.1 24.3 104.5 15.9 49.7 62.6c-62.8 53.6-66.1 149.8-9.9 207.9l193.5 199.8c12.5 12.9 32.8 12.9 45.3 0l193.5-199.8c56.3-58.1 53-154.3-9.8-207.9z\"><\/path><\/svg><\/div>\n\t\t\t\t\t\t<\/span>\n\t\t<\/div>\n\t\t\t\t\t\t<\/div>\n\t\t\t\t<\/div>\n\t\t\t\t<section class=\"elementor-section elementor-inner-section elementor-element elementor-element-e87b031 elementor-section-boxed elementor-section-height-default elementor-section-height-default\" data-id=\"e87b031\" data-element_type=\"section\">\n\t\t\t\t\t\t<div class=\"elementor-container elementor-column-gap-default\">\n\t\t\t\t\t<div class=\"elementor-column elementor-col-33 elementor-inner-column elementor-element elementor-element-9b6ae0d elementor-invisible\" data-id=\"9b6ae0d\" data-element_type=\"column\" data-settings=\"{&quot;animation&quot;:&quot;fadeInUp&quot;,&quot;animation_delay&quot;:0}\">\n\t\t\t<div class=\"elementor-widget-wrap\">\n\t\t\t\t\t\t\t<\/div>\n\t\t<\/div>\n\t\t\t\t<div class=\"elementor-column elementor-col-33 elementor-inner-column elementor-element elementor-element-20f3a7e elementor-invisible\" data-id=\"20f3a7e\" data-element_type=\"column\" data-settings=\"{&quot;animation&quot;:&quot;fadeInUp&quot;,&quot;animation_delay&quot;:500}\">\n\t\t\t<div class=\"elementor-widget-wrap elementor-element-populated\">\n\t\t\t\t\t\t<div class=\"elementor-element elementor-element-aa88ded elementor-widget elementor-widget-text-editor\" data-id=\"aa88ded\" data-element_type=\"widget\" data-widget_type=\"text-editor.default\">\n\t\t\t\t<div class=\"elementor-widget-container\">\n\t\t\t\t\t\t\t\t\t<p><em>Die Buchungsgeb\u00fchr betr\u00e4gt 1% pro Kauf. Unser Ticketing-Partner <a href=\"https:\/\/get.tickettailor.com\/gjuczx0cc0ri\">Ticket Tailor<\/a> ist eine <a href=\"https:\/\/www.bcorporation.de\/b-corp-zertifizierung\">B-Corp<\/a> und spendet pro verkauftem Ticket 1 Rappen an den Klimaschutz.<\/em><\/p><p><strong>Das <a href=\"http:\/\/Bitte\" data-wplink-url-error=\"true\">Rahmenprogramm<\/a> (inkl. Halbpension &amp; Camping) ist im Festival-Pass mit inbegriffen. <\/strong>Minderj\u00e4hrige k\u00f6nnen nur gemeinsam mit einer erwachsenen Begleitperson teilnehmen und wir freuen uns, wenn alle die <a href=\"https:\/\/meow.fougerette.org\/index.php\/meow-pledge\/\">MEOW! Pledge<\/a> beherzigen.<\/p><p><strong>Foto-Shootings<\/strong> bei Mona und <strong>Massagen<\/strong> bei Sabine bitte direkt per Email buchen (s. <a href=\"https:\/\/meow.fougerette.org\/index.php\/add-ons\/\">Workshops &amp; Add-Ons<\/a>).<\/p><p>Wenn du knapp bei Kasse bist: Wir vergeben auch <strong>verg\u00fcnstigte<\/strong> <strong>Hop-On-Ticket<\/strong>s<strong>!<\/strong> Kontaktiere uns \u00fcber den nachstehenden Button:<\/p>\t\t\t\t\t\t\t\t<\/div>\n\t\t\t\t<\/div>\n\t\t\t\t<div class=\"elementor-element elementor-element-ba75c47 elementor-align-center elementor-mobile-align-center elementor-widget elementor-widget-button\" data-id=\"ba75c47\" data-element_type=\"widget\" data-widget_type=\"button.default\">\n\t\t\t\t<div class=\"elementor-widget-container\">\n\t\t\t\t\t\t\t\t\t<div class=\"elementor-button-wrapper\">\n\t\t\t\t\t<a class=\"elementor-button elementor-button-link elementor-size-md\" href=\"mailto:meow@fougerette.org\">\n\t\t\t\t\t\t<span class=\"elementor-button-content-wrapper\">\n\t\t\t\t\t\t\t\t\t<span class=\"elementor-button-text\">DU HAST EINE FRAGE ?<\/span>\n\t\t\t\t\t<\/span>\n\t\t\t\t\t<\/a>\n\t\t\t\t<\/div>\n\t\t\t\t\t\t\t\t<\/div>\n\t\t\t\t<\/div>\n\t\t\t\t\t<\/div>\n\t\t<\/div>\n\t\t\t\t<div class=\"elementor-column elementor-col-33 elementor-inner-column elementor-element elementor-element-f2c37d9\" data-id=\"f2c37d9\" data-element_type=\"column\">\n\t\t\t<div class=\"elementor-widget-wrap\">\n\t\t\t\t\t\t\t<\/div>\n\t\t<\/div>\n\t\t\t\t\t<\/div>\n\t\t<\/section>\n\t\t\t\t\t<\/div>\n\t\t<\/div>\n\t\t\t\t\t<\/div>\n\t\t<\/section>\n\t\t\t\t<\/div>\n\t\t","protected":false},"excerpt":{"rendered":"<p>DU WILLST? Wollten wir auch, denn wir finden es n\u00f6tiger denn je, dass wir Frauen uns verbinden und gegenseitig st\u00e4rken! Leider sind dann aber trotz viel m\u00fcndlicher Begeisterung zu wenig&#8230;<\/p>\n","protected":false},"author":1,"featured_media":0,"parent":0,"menu_order":0,"comment_status":"closed","ping_status":"closed","template":"page-templates\/full-width-container.php","meta":{"footnotes":""},"class_list":["post-4613","page","type-page","status-publish","hentry"],"jetpack_sharing_enabled":true,"_links":{"self":[{"href":"https:\/\/meow.fougerette.org\/index.php\/wp-json\/wp\/v2\/pages\/4613","targetHints":{"allow":["GET"]}}],"collection":[{"href":"https:\/\/meow.fougerette.org\/index.php\/wp-json\/wp\/v2\/pages"}],"about":[{"href":"https:\/\/meow.fougerette.org\/index.php\/wp-json\/wp\/v2\/types\/page"}],"author":[{"embeddable":true,"href":"https:\/\/meow.fougerette.org\/index.php\/wp-json\/wp\/v2\/users\/1"}],"replies":[{"embeddable":true,"href":"https:\/\/meow.fougerette.org\/index.php\/wp-json\/wp\/v2\/comments?post=4613"}],"version-history":[{"count":140,"href":"https:\/\/meow.fougerette.org\/index.php\/wp-json\/wp\/v2\/pages\/4613\/revisions"}],"predecessor-version":[{"id":5901,"href":"https:\/\/meow.fougerette.org\/index.php\/wp-json\/wp\/v2\/pages\/4613\/revisions\/5901"}],"wp:attachment":[{"href":"https:\/\/meow.fougerette.org\/index.php\/wp-json\/wp\/v2\/media?parent=4613"}],"curies":[{"name":"wp","href":"https:\/\/api.w.org\/{rel}","templated":true}]}}